{"id":112,"date":"2020-10-25T16:39:36","date_gmt":"2020-10-25T16:39:36","guid":{"rendered":"https:\/\/kat6a.es\/?page_id=112"},"modified":"2026-02-03T17:38:31","modified_gmt":"2026-02-03T17:38:31","slug":"home-2","status":"publish","type":"page","link":"https:\/\/kat6a.es\/","title":{"rendered":"Home"},"content":{"rendered":"\n\n\n\n<!-- MEN\u00da SUPERIOR -->\n<style>\n    \/* Contenedor del men\u00fa *\/\n    .top-menu {\n        width: 100%;\n        background-color: #7EACA6; \/* tono similar al fondo de tu web *\/\n        padding: 15px 0;\n        display: flex;\n        justify-content: center;\n        gap: 40px;\n        font-family: Arial, sans-serif;\n        border-bottom: 2px solid #e7f2ef;\n    }\n\n    \/* Enlaces *\/\n    .top-menu a {\n        color: #002244 !important;\n        text-decoration: none;\n        font-size: 18px;\n        font-weight: 600;\n        transition: 0.3s ease;\n        letter-spacing: 0.5px;\n    }\n\n    \/* Hover *\/\n    .top-menu a:hover {\n        color: #0f2aa0ff; \/* contraste suave *\/\n        text-decoration: underline;\n    }\n\n    \/* Versi\u00f3n m\u00f3vil *\/\n    @media (max-width: 700px) {\n        .top-menu {\n            flex-direction: column;\n            gap: 20px;\n        }\n    }\n<\/style>\n\n<nav class=\"top-menu\">\n    <a href=\"\/\">Inicio<\/a>\n    <a href=\"\/?page_id=7\">About<\/a>\n    <a href=\"\/?page_id=11\">Blog<\/a>\n    <a href=\"\/?page_id=164\">Colabora<\/a>\n    <a href=\"?page_id=75\">Proyecto<\/a>\n    <a href=\"\/?page_id=408\">Alta Socio<\/a>\n<\/nav>\n\n\n\n\n\n\n\n\n\n<p>Lorem Ipsum has been the industry&#8217;s standard dummy text ever since the 1500s.<\/p>\n\n\n\n\n\n\n\n\n\n\n\n<h3 style=\"margin: 0px; padding: 0px; border: 0px; font-variant-numeric: inherit; font-variant-east-asian: inherit; font-stretch: inherit; font-size: 16px; line-height: inherit; font-family: &quot;Times New Roman&quot;; color: rgb(155, 154, 160); overflow-wrap: break-word;\"><span style=\"margin: 0px; padding: 0px; border: 0px; font-style: inherit; font-variant: inherit; font-weight: inherit; font-stretch: inherit; font-size: inherit; line-height: inherit; font-family: -apple-system, BlinkMacSystemFont, &quot;Segoe UI&quot;, Roboto, &quot;Helvetica Neue&quot;, Arial, &quot;Noto Sans&quot;, sans-serif, &quot;Apple Color Emoji&quot;, &quot;Segoe UI Emoji&quot;, &quot;Segoe UI Symbol&quot;, &quot;Noto Color Emoji&quot;; overflow-wrap: break-word; color: rgb(38, 38, 38);\"><sup style=\"font-size: x-large;\"><strong style=\"\">Somos un grupo de familias que, desde hace m\u00e1s de una d\u00e9cada, trabaja unido por los ni\u00f1os y ni\u00f1as con s\u00edndrome KAT6A.<\/strong><\/sup><\/span><\/h3>\n<h3 style=\"margin: 0px; padding: 0px; border: 0px; font-variant-numeric: inherit; font-variant-east-asian: inherit; font-stretch: inherit; font-size: 16px; line-height: inherit; font-family: &quot;Times New Roman&quot;; color: rgb(155, 154, 160); overflow-wrap: break-word;\"><span style=\"margin: 0px; padding: 0px; border: 0px; font-style: inherit; font-variant: inherit; font-weight: inherit; font-stretch: inherit; font-size: inherit; line-height: inherit; font-family: -apple-system, BlinkMacSystemFont, &quot;Segoe UI&quot;, Roboto, &quot;Helvetica Neue&quot;, Arial, &quot;Noto Sans&quot;, sans-serif, &quot;Apple Color Emoji&quot;, &quot;Segoe UI Emoji&quot;, &quot;Segoe UI Symbol&quot;, &quot;Noto Color Emoji&quot;; overflow-wrap: break-word; color: rgb(38, 38, 38);\"><sup style=\"font-size: x-large;\"><strong style=\"\"><br>Nuestra misi\u00f3n es acompa\u00f1ar, apoyar y construir un entorno m\u00e1s comprensivo, inclusivo y esperanzador para todas las personas afectadas.<\/strong><\/sup><\/span><\/h3>\n<h3 style=\"margin: 0px; padding: 0px; border: 0px; font-variant-numeric: inherit; font-variant-east-asian: inherit; font-stretch: inherit; font-size: 16px; line-height: inherit; font-family: &quot;Times New Roman&quot;; color: rgb(155, 154, 160); overflow-wrap: break-word;\"><span style=\"margin: 0px; padding: 0px; border: 0px; font-style: inherit; font-variant: inherit; font-weight: inherit; font-stretch: inherit; font-size: inherit; line-height: inherit; font-family: -apple-system, BlinkMacSystemFont, &quot;Segoe UI&quot;, Roboto, &quot;Helvetica Neue&quot;, Arial, &quot;Noto Sans&quot;, sans-serif, &quot;Apple Color Emoji&quot;, &quot;Segoe UI Emoji&quot;, &quot;Segoe UI Symbol&quot;, &quot;Noto Color Emoji&quot;; overflow-wrap: break-word; color: rgb(38, 38, 38);\"><sup style=\"font-size: x-large;\"><strong style=\"\"><\/strong><br><strong style=\"\">En estos diez a\u00f1os hemos impulsado investigaci\u00f3n, colaborado en ensayos cl\u00ednicos y tejido una comunidad fuerte y comprometida. Seguimos avanzando para que cada familia se sienta acompa\u00f1ada y cada ni\u00f1o o ni\u00f1a tenga m\u00e1s oportunidades.<\/strong><\/sup><\/span><\/h3>\n\n<h4>Formulario online<\/h4>\n\n\n<p>Lorem Ipsum has been the industry&#8217;s standard dummy text ever since the 1500s.<\/p>\n\n<p style=\"text-align: center;\"><font color=\"#262626\" face=\"-apple-system, BlinkMacSystemFont, Segoe UI, Roboto, Helvetica Neue, Arial, Noto Sans, sans-serif, Apple Color Emoji, Segoe UI Emoji, Segoe UI Symbol, Noto Color Emoji\" style=\"padding: 0px; margin: 0px; overflow-wrap: break-word;\">Descarga el <a href=\"https:\/\/kat6a.es\/wp-content\/uploads\/2021\/05\/Socio.pdf\" target=\"_blank\" rel=\"noopener noreferrer\">documento<\/a>&nbsp;de afiliaci\u00f3n y colabora.<\/font><\/p>\n\n<br>\n\n\n\n\n\n\n\n<div style=\"display: block;\n    text-align: center\">\n<form action=\"https:\/\/www.paypal.com\/donate\" method=\"post\" target=\"_blank\">\n<input type=\"hidden\" name=\"hosted_button_id\" value=\"T86LNQFRRR6RQ\">\n<input type=\"image\" src=\"https:\/\/www.paypalobjects.com\/es_ES\/ES\/i\/btn\/btn_donateCC_LG.gif\" border=\"0\" name=\"submit\" title=\"PayPal - The safer, easier way to pay online!\" alt=\"Donate with PayPal button\">\n<img loading=\"lazy\" decoding=\"async\" alt=\"\" border=\"0\" src=\"https:\/\/www.paypal.com\/es_ES\/i\/scr\/pixel.gif\" width=\"1\" height=\"1\">\n<\/form>\n<\/div>\n\n\n\n\n\n\n\n","protected":false},"excerpt":{"rendered":"","protected":false},"author":1,"featured_media":0,"parent":0,"menu_order":0,"comment_status":"closed","ping_status":"closed","template":"","meta":{"pagelayer_contact_templates":[],"_pagelayer_content":"","footnotes":""},"class_list":["post-112","page","type-page","status-publish","hentry"],"_links":{"self":[{"href":"https:\/\/kat6a.es\/index.php?rest_route=\/wp\/v2\/pages\/112","targetHints":{"allow":["GET"]}}],"collection":[{"href":"https:\/\/kat6a.es\/index.php?rest_route=\/wp\/v2\/pages"}],"about":[{"href":"https:\/\/kat6a.es\/index.php?rest_route=\/wp\/v2\/types\/page"}],"author":[{"embeddable":true,"href":"https:\/\/kat6a.es\/index.php?rest_route=\/wp\/v2\/users\/1"}],"replies":[{"embeddable":true,"href":"https:\/\/kat6a.es\/index.php?rest_route=%2Fwp%2Fv2%2Fcomments&post=112"}],"version-history":[{"count":73,"href":"https:\/\/kat6a.es\/index.php?rest_route=\/wp\/v2\/pages\/112\/revisions"}],"predecessor-version":[{"id":483,"href":"https:\/\/kat6a.es\/index.php?rest_route=\/wp\/v2\/pages\/112\/revisions\/483"}],"wp:attachment":[{"href":"https:\/\/kat6a.es\/index.php?rest_route=%2Fwp%2Fv2%2Fmedia&parent=112"}],"curies":[{"name":"wp","href":"https:\/\/api.w.org\/{rel}","templated":true}]}}