{"id":164,"date":"2020-11-03T18:32:49","date_gmt":"2020-11-03T18:32:49","guid":{"rendered":"https:\/\/kat6a.es\/?page_id=164"},"modified":"2026-02-05T09:57:51","modified_gmt":"2026-02-05T09:57:51","slug":"colabora","status":"publish","type":"page","link":"https:\/\/kat6a.es\/?page_id=164","title":{"rendered":"Colabora"},"content":{"rendered":"\n\n\n<!-- MEN\u00da SUPERIOR -->\n<style>\n    \/* Contenedor del men\u00fa *\/\n    .top-menu {\n        width: 100%;\n        background-color: #7EACA6; \/* tono similar al fondo de tu web *\/\n        padding: 15px 0;\n        display: flex;\n        justify-content: center;\n        gap: 40px;\n        font-family: Arial, sans-serif;\n        border-bottom: 2px solid #e7f2ef;\n    }\n\n    \/* Enlaces *\/\n    .top-menu a {\n        color: #002244 !important;\n        text-decoration: none;\n        font-size: 18px;\n        font-weight: 600;\n        transition: 0.3s ease;\n        letter-spacing: 0.5px;\n    }\n\n    \/* Hover *\/\n    .top-menu a:hover {\n        color: #0f2aa0ff; \/* contraste suave *\/\n        text-decoration: underline;\n    }\n\n    \/* Versi\u00f3n m\u00f3vil *\/\n    @media (max-width: 700px) {\n        .top-menu {\n            flex-direction: column;\n            gap: 20px;\n        }\n    }\n<\/style>\n\n<nav class=\"top-menu\">\n    <a href=\"\/\">Inicio<\/a>\n    <a href=\"\/?page_id=7\">About<\/a>\n    <a href=\"\/?page_id=11\">Blog<\/a>\n    <a href=\"\/?page_id=164\">Colabora<\/a>\n    <a href=\"?page_id=75\">Proyecto<\/a>\n    <a href=\"\/?page_id=408\">Alta Socio<\/a>\n<\/nav>\n\n\n\n\n\n\n\n\n\n\n\n\n\n<p>\u00bfNos ayudas?<\/p>\n\n\n\n\n\n<p><font color=\"#000000\" face=\"-apple-system, BlinkMacSystemFont, Segoe UI, Roboto, Helvetica Neue, Arial, Noto Sans, sans-serif, Apple Color Emoji, Segoe UI Emoji, Segoe UI Symbol, Noto Color Emoji\">La asociaci\u00f3n cuenta con diferentes iniciativas encaminadas a la consecuci\u00f3n de los objetivos econ\u00f3micos necesarios para la ejecuci\u00f3n del proyecto de investigaci\u00f3n.<\/font><\/p><font color=\"#000000\" face=\"-apple-system, BlinkMacSystemFont, Segoe UI, Roboto, Helvetica Neue, Arial, Noto Sans, sans-serif, Apple Color Emoji, Segoe UI Emoji, Segoe UI Symbol, Noto Color Emoji\"><\/font>\n<p><\/p>\n<p><\/p>\n<p><\/p>\n\n\n\n\n\n\n\n\n\n\n\n<p><font color=\"#000000\" face=\"-apple-system, BlinkMacSystemFont, Segoe UI, Roboto, Helvetica Neue, Arial, Noto Sans, sans-serif, Apple Color Emoji, Segoe UI Emoji, Segoe UI Symbol, Noto Color Emoji\">Descarga el <a href=\"https:\/\/kat6a.es\/wp-content\/uploads\/2021\/05\/Socio.pdf\" target=\"_blank\" rel=\"noopener noreferrer\">documento<\/a> y hazte socio.<br>O realiza el <a href=\"https:\/\/kat6a.es\/?page_id=408\" data-type=\"page\" data-id=\"408\">alta online.<\/a><\/font><font color=\"#000000\" face=\"-apple-system, BlinkMacSystemFont, Segoe UI, Roboto, Helvetica Neue, Arial, Noto Sans, sans-serif, Apple Color Emoji, Segoe UI Emoji, Segoe UI Symbol, Noto Color Emoji\"><\/font><\/p>\n\n\n\n\n\n\n\n\n\n\n\n<p><font color=\"#000000\" face=\"-apple-system, BlinkMacSystemFont, Segoe UI, Roboto, Helvetica Neue, Arial, Noto Sans, sans-serif, Apple Color Emoji, Segoe UI Emoji, Segoe UI Symbol, Noto Color Emoji\"><a href=\"https:\/\/www.kukumiku.com\/sorteos\/sorteo-solidario-para-la-investigacion-kat6a\/\" target=\"_blank\" rel=\"noopener noreferrer\">kukumiku.com<\/a><\/font><\/p><p><font color=\"#000000\" face=\"-apple-system, BlinkMacSystemFont, Segoe UI, Roboto, Helvetica Neue, Arial, Noto Sans, sans-serif, Apple Color Emoji, Segoe UI Emoji, Segoe UI Symbol, Noto Color Emoji\">Participa en el sorteo solidario de un patinete el\u00e9ctrico.<\/font><\/p><br><p><font color=\"#000000\" face=\"-apple-system, BlinkMacSystemFont, Segoe UI, Roboto, Helvetica Neue, Arial, Noto Sans, sans-serif, Apple Color Emoji, Segoe UI Emoji, Segoe UI Symbol, Noto Color Emoji\"><br><\/font><\/p><p><font color=\"#000000\" face=\"-apple-system, BlinkMacSystemFont, Segoe UI, Roboto, Helvetica Neue, Arial, Noto Sans, sans-serif, Apple Color Emoji, Segoe UI Emoji, Segoe UI Symbol, Noto Color Emoji\"><\/font><\/p>\n\n\n\n\n\n\n\n<p><font color=\"#000000\" face=\"-apple-system, BlinkMacSystemFont, Segoe UI, Roboto, Helvetica Neue, Arial, Noto Sans, sans-serif, Apple Color Emoji, Segoe UI Emoji, Segoe UI Symbol, Noto Color Emoji\"><strong><br><\/strong><\/font><\/p><p><font color=\"#000000\" face=\"-apple-system, BlinkMacSystemFont, Segoe UI, Roboto, Helvetica Neue, Arial, Noto Sans, sans-serif, Apple Color Emoji, Segoe UI Emoji, Segoe UI Symbol, Noto Color Emoji\"><strong><br><\/strong><\/font><\/p><p><font color=\"#000000\" face=\"-apple-system, BlinkMacSystemFont, Segoe UI, Roboto, Helvetica Neue, Arial, Noto Sans, sans-serif, Apple Color Emoji, Segoe UI Emoji, Segoe UI Symbol, Noto Color Emoji\"><strong><br><\/strong><\/font><\/p><p><font color=\"#000000\" face=\"-apple-system, BlinkMacSystemFont, Segoe UI, Roboto, Helvetica Neue, Arial, Noto Sans, sans-serif, Apple Color Emoji, Segoe UI Emoji, Segoe UI Symbol, Noto Color Emoji\"><strong><br><\/strong><\/font><\/p><p><font color=\"#000000\" face=\"-apple-system, BlinkMacSystemFont, Segoe UI, Roboto, Helvetica Neue, Arial, Noto Sans, sans-serif, Apple Color Emoji, Segoe UI Emoji, Segoe UI Symbol, Noto Color Emoji\"><a href=\"https:\/\/www.teaming.net\/asociacionkat6ayamigos\" target=\"_blank\" rel=\"noopener noreferrer\">teaming.net<\/a><\/font><\/p><p><font color=\"#000000\" face=\"-apple-system, BlinkMacSystemFont, Segoe UI, Roboto, Helvetica Neue, Arial, Noto Sans, sans-serif, Apple Color Emoji, Segoe UI Emoji, Segoe UI Symbol, Noto Color Emoji\">\u00danete&nbsp;a nuestro grupo de Teaming.<br><\/font><\/p><span>&nbsp;<br><\/span><p><font color=\"#000000\" face=\"-apple-system, BlinkMacSystemFont, Segoe UI, Roboto, Helvetica Neue, Arial, Noto Sans, sans-serif, Apple Color Emoji, Segoe UI Emoji, Segoe UI Symbol, Noto Color Emoji\"><\/font><\/p>\n\n\n\n\n\n\n\n\n\n\n\n\n\n\n\n\n\n<p><font color=\"#000000\" face=\"-apple-system, BlinkMacSystemFont, Segoe UI, Roboto, Helvetica Neue, Arial, Noto Sans, sans-serif, Apple Color Emoji, Segoe UI Emoji, Segoe UI Symbol, Noto Color Emoji\">Botellas de vino solidario.<\/font><\/p><p><font color=\"#000000\" face=\"-apple-system, BlinkMacSystemFont, Segoe UI, Roboto, Helvetica Neue, Arial, Noto Sans, sans-serif, Apple Color Emoji, Segoe UI Emoji, Segoe UI Symbol, Noto Color Emoji\">Contactar en Kat6ayamigos@gmail.com<\/font>&nbsp;&nbsp;<\/p><p><font color=\"#000000\" face=\"-apple-system, BlinkMacSystemFont, Segoe UI, Roboto, Helvetica Neue, Arial, Noto Sans, sans-serif, Apple Color Emoji, Segoe UI Emoji, Segoe UI Symbol, Noto Color Emoji\"><\/font><\/p>\n\n\n\n\n\n\n\n\n\n\n\n\n\n<p style=\"text-align: left;\"><font color=\"#000000\" face=\"-apple-system, BlinkMacSystemFont, Segoe UI, Roboto, Helvetica Neue, Arial, Noto Sans, sans-serif, Apple Color Emoji, Segoe UI Emoji, Segoe UI Symbol, Noto Color Emoji\"><a href=\"https:\/\/www.gofundme.com\/f\/KAT6A\" target=\"_blank\" rel=\"noopener noreferrer\">GoFundMe.com<\/a>&nbsp;<\/font><\/p><p style=\"text-align: left;\"><span style=\"color: rgb(0, 0, 0); font-family: -apple-system, BlinkMacSystemFont, &quot;Segoe UI&quot;, Roboto, &quot;Helvetica Neue&quot;, Arial, &quot;Noto Sans&quot;, sans-serif, &quot;Apple Color Emoji&quot;, &quot;Segoe UI Emoji&quot;, &quot;Segoe UI Symbol&quot;, &quot;Noto Color Emoji&quot;;\">Campa\u00f1a de&nbsp;<\/span><span style=\"color: rgb(0, 0, 0); font-family: -apple-system, BlinkMacSystemFont, &quot;Segoe UI&quot;, Roboto, &quot;Helvetica Neue&quot;, Arial, &quot;Noto Sans&quot;, sans-serif, &quot;Apple Color Emoji&quot;, &quot;Segoe UI Emoji&quot;, &quot;Segoe UI Symbol&quot;, &quot;Noto Color Emoji&quot;;\">financiaci\u00f3n colectiva.&nbsp;&nbsp;<\/span><\/p><p><font color=\"#000000\" face=\"-apple-system, BlinkMacSystemFont, Segoe UI, Roboto, Helvetica Neue, Arial, Noto Sans, sans-serif, Apple Color Emoji, Segoe UI Emoji, Segoe UI Symbol, Noto Color Emoji\"><\/font><\/p>\n\n\n\n\n\n\n\n<p><font color=\"#000000\" face=\"-apple-system, BlinkMacSystemFont, Segoe UI, Roboto, Helvetica Neue, Arial, Noto Sans, sans-serif, Apple Color Emoji, Segoe UI Emoji, Segoe UI Symbol, Noto Color Emoji\"><strong><br><\/strong><\/font><\/p><p><font color=\"#000000\" face=\"-apple-system, BlinkMacSystemFont, Segoe UI, Roboto, Helvetica Neue, Arial, Noto Sans, sans-serif, Apple Color Emoji, Segoe UI Emoji, Segoe UI Symbol, Noto Color Emoji\"><strong><br><\/strong><\/font><\/p><p><font color=\"#000000\" face=\"-apple-system, BlinkMacSystemFont, Segoe UI, Roboto, Helvetica Neue, Arial, Noto Sans, sans-serif, Apple Color Emoji, Segoe UI Emoji, Segoe UI Symbol, Noto Color Emoji\"><strong><br><\/strong><\/font><\/p><p><font color=\"#000000\" face=\"-apple-system, BlinkMacSystemFont, Segoe UI, Roboto, Helvetica Neue, Arial, Noto Sans, sans-serif, Apple Color Emoji, Segoe UI Emoji, Segoe UI Symbol, Noto Color Emoji\"><strong><br><\/strong><\/font><\/p><p><font color=\"#000000\" face=\"-apple-system, BlinkMacSystemFont, Segoe UI, Roboto, Helvetica Neue, Arial, Noto Sans, sans-serif, Apple Color Emoji, Segoe UI Emoji, Segoe UI Symbol, Noto Color Emoji\"><b>CaixaBank&nbsp;<\/b><\/font><\/p><p><font color=\"#000000\" face=\"-apple-system, BlinkMacSystemFont, Segoe UI, Roboto, Helvetica Neue, Arial, Noto Sans, sans-serif, Apple Color Emoji, Segoe UI Emoji, Segoe UI Symbol, Noto Color Emoji\">ES62 2100 0196 2602 0063 7640<\/font><\/p><span>&nbsp;<br><\/span><p><font color=\"#000000\" face=\"-apple-system, BlinkMacSystemFont, Segoe UI, Roboto, Helvetica Neue, Arial, Noto Sans, sans-serif, Apple Color Emoji, Segoe UI Emoji, Segoe UI Symbol, Noto Color Emoji\"><\/font><\/p>\n\n\n\n\n\n\n\n\n\n\n\n<br>\n<br>\n<br>\n<div style=\"text-align: left\">\n<form action=\"https:\/\/www.paypal.com\/donate\" method=\"post\" target=\"_blank\">\n<input type=\"hidden\" name=\"hosted_button_id\" value=\"T86LNQFRRR6RQ\">\n<input type=\"image\" src=\"https:\/\/www.paypalobjects.com\/es_ES\/ES\/i\/btn\/btn_donateCC_LG.gif\" border=\"0\" name=\"submit\" title=\"PayPal - The safer, easier way to pay online!\" alt=\"Donate with PayPal button\">\n<img loading=\"lazy\" decoding=\"async\" alt=\"\" border=\"0\" src=\"https:\/\/www.paypal.com\/es_ES\/i\/scr\/pixel.gif\" width=\"1\" height=\"1\">\n<\/form>\n<\/div>\n\n\n\n\n\n\n","protected":false},"excerpt":{"rendered":"","protected":false},"author":1,"featured_media":0,"parent":0,"menu_order":0,"comment_status":"closed","ping_status":"closed","template":"","meta":{"pagelayer_contact_templates":[],"_pagelayer_content":"","footnotes":""},"class_list":["post-164","page","type-page","status-publish","hentry"],"_links":{"self":[{"href":"https:\/\/kat6a.es\/index.php?rest_route=\/wp\/v2\/pages\/164","targetHints":{"allow":["GET"]}}],"collection":[{"href":"https:\/\/kat6a.es\/index.php?rest_route=\/wp\/v2\/pages"}],"about":[{"href":"https:\/\/kat6a.es\/index.php?rest_route=\/wp\/v2\/types\/page"}],"author":[{"embeddable":true,"href":"https:\/\/kat6a.es\/index.php?rest_route=\/wp\/v2\/users\/1"}],"replies":[{"embeddable":true,"href":"https:\/\/kat6a.es\/index.php?rest_route=%2Fwp%2Fv2%2Fcomments&post=164"}],"version-history":[{"count":58,"href":"https:\/\/kat6a.es\/index.php?rest_route=\/wp\/v2\/pages\/164\/revisions"}],"predecessor-version":[{"id":484,"href":"https:\/\/kat6a.es\/index.php?rest_route=\/wp\/v2\/pages\/164\/revisions\/484"}],"wp:attachment":[{"href":"https:\/\/kat6a.es\/index.php?rest_route=%2Fwp%2Fv2%2Fmedia&parent=164"}],"curies":[{"name":"wp","href":"https:\/\/api.w.org\/{rel}","templated":true}]}}