{"id":408,"date":"2026-02-02T10:34:40","date_gmt":"2026-02-02T10:34:40","guid":{"rendered":"https:\/\/kat6a.es\/?page_id=408"},"modified":"2026-02-03T17:18:22","modified_gmt":"2026-02-03T17:18:22","slug":"registro-de-socios","status":"publish","type":"page","link":"https:\/\/kat6a.es\/?page_id=408","title":{"rendered":"Registro de Socios"},"content":{"rendered":"\n<!-- MEN\u00da SUPERIOR -->\n<style>\n    \/* Contenedor del men\u00fa *\/\n    .top-menu {\n        width: 100%;\n        background-color: #7EACA6; \/* tono similar al fondo de tu web *\/\n        padding: 15px 0;\n        display: flex;\n        justify-content: center;\n        gap: 40px;\n        font-family: Arial, sans-serif;\n        border-bottom: 2px solid #e7f2ef;\n    }\n\n    \/* Enlaces *\/\n    .top-menu a {\n        color: #002244 !important;\n        text-decoration: none;\n        font-size: 18px;\n        font-weight: 600;\n        transition: 0.3s ease;\n        letter-spacing: 0.5px;\n    }\n\n    \/* Hover *\/\n    .top-menu a:hover {\n        color: #0f2aa0ff; \/* contraste suave *\/\n        text-decoration: underline;\n    }\n\n    \/* Versi\u00f3n m\u00f3vil *\/\n    @media (max-width: 700px) {\n        .top-menu {\n            flex-direction: column;\n            gap: 20px;\n        }\n    }\n<\/style>\n\n<nav class=\"top-menu\">\n    <a href=\"\/\">Inicio<\/a>\n    <a href=\"\/?page_id=7\">About<\/a>\n    <a href=\"\/?page_id=11\">Blog<\/a>\n    <a href=\"\/?page_id=164\">Colabora<\/a>\n    <a href=\"?page_id=75\">Proyecto<\/a>\n    <a href=\"\/?page_id=408\">Alta Socio<\/a>\n<\/nav>\n\n\n\n<form id=\"kat6a-form\" action=\"\/alta-socio.php\" method=\"POST\">\n\n  <div class=\"campo\">\n    <label>Nombre<\/label>\n    <input type=\"text\" name=\"nombre\" required>\n  <\/div>\n\n  <div class=\"campo\">\n    <label>Apellidos<\/label>\n    <input type=\"text\" name=\"apellidos\" required>\n  <\/div>\n\n  <div class=\"campo\">\n    <label>NIF<\/label>\n    <input type=\"text\" name=\"nif\" required>\n  <\/div>\n\n  <div class=\"campo\">\n    <label>Direcci\u00f3n<\/label>\n    <input type=\"text\" name=\"direccion\">\n  <\/div>\n\n  <div class=\"campo\">\n    <label>Localidad<\/label>\n    <input type=\"text\" name=\"localidad\">\n  <\/div>\n\n  <div class=\"campo\">\n    <label>C\u00f3digo Postal<\/label>\n    <input type=\"text\" name=\"codigo_postal\">\n  <\/div>\n\n  <div class=\"campo\">\n    <label>Provincia<\/label>\n    <input type=\"text\" name=\"provincia\">\n  <\/div>\n\n  <div class=\"campo\">\n    <label>Tel\u00e9fono<\/label>\n    <input type=\"text\" name=\"telefono\">\n  <\/div>\n\n  <div class=\"campo\">\n    <label>Email<\/label>\n    <input type=\"email\" name=\"email\" required>\n  <\/div>\n\n  <div class=\"campo\">\n    <label>Cuota anual: 60\u20ac \/\/ Cuota mensual: 5\u20ac<\/label>\n    <label>Forma de pago<\/label>\n    <select name=\"forma_pago\" required>\n      <option value=\"anual\">Anual<\/option>\n      <option value=\"mensual\">Mensual<\/option>\n    <\/select>\n  <\/div>\n\n  <button type=\"submit\" id=\"kat6a-btn\">Enviar solicitud<\/button>\n\n<\/form>\n","protected":false},"excerpt":{"rendered":"<p>Inicio About Blog Colabora Proyecto Alta Socio Nombre Apellidos NIF Direcci\u00f3n Localidad C\u00f3digo Postal Provincia Tel\u00e9fono Email Cuota anual: 60\u20ac \/\/ Cuota mensual: 5\u20ac Forma de pago AnualMensual Enviar solicitud<\/p>\n","protected":false},"author":1,"featured_media":0,"parent":0,"menu_order":0,"comment_status":"closed","ping_status":"closed","template":"","meta":{"pagelayer_contact_templates":[],"_pagelayer_content":"","footnotes":""},"class_list":["post-408","page","type-page","status-publish","hentry"],"_links":{"self":[{"href":"https:\/\/kat6a.es\/index.php?rest_route=\/wp\/v2\/pages\/408","targetHints":{"allow":["GET"]}}],"collection":[{"href":"https:\/\/kat6a.es\/index.php?rest_route=\/wp\/v2\/pages"}],"about":[{"href":"https:\/\/kat6a.es\/index.php?rest_route=\/wp\/v2\/types\/page"}],"author":[{"embeddable":true,"href":"https:\/\/kat6a.es\/index.php?rest_route=\/wp\/v2\/users\/1"}],"replies":[{"embeddable":true,"href":"https:\/\/kat6a.es\/index.php?rest_route=%2Fwp%2Fv2%2Fcomments&post=408"}],"version-history":[{"count":13,"href":"https:\/\/kat6a.es\/index.php?rest_route=\/wp\/v2\/pages\/408\/revisions"}],"predecessor-version":[{"id":471,"href":"https:\/\/kat6a.es\/index.php?rest_route=\/wp\/v2\/pages\/408\/revisions\/471"}],"wp:attachment":[{"href":"https:\/\/kat6a.es\/index.php?rest_route=%2Fwp%2Fv2%2Fmedia&parent=408"}],"curies":[{"name":"wp","href":"https:\/\/api.w.org\/{rel}","templated":true}]}}